{"id":4580,"date":"2025-11-21T17:17:10","date_gmt":"2025-11-21T20:17:10","guid":{"rendered":"https:\/\/www.shilbaargentina.com.ar\/producto\/shilba-weaver-picatinny-steel-ring-30mm-medium\/"},"modified":"2025-11-21T17:17:10","modified_gmt":"2025-11-21T20:17:10","slug":"shilba-weaver-picatinny-steel-ring-30mm-medium","status":"publish","type":"product","link":"https:\/\/www.shilbaargentina.com.ar\/en\/product\/shilba-weaver-picatinny-steel-ring-30mm-medium\/","title":{"rendered":"Shilba Weaver\/Picatinny Steel Ring 30mm Medium"},"content":{"rendered":"<p>Montaje de acero reforzado ultra resistente. Con sistema Quick Release (SSQR) para tubos de 1 pulgada (25mm). Soporte Weaver. Versi\u00f3n media. Ubicaci\u00f3n en nuestro cat\u00e1logo: * Este producto es un accesorio clave en nuestra categor\u00eda de Armer\u00eda. * Pertenece a la familia de Montajes. Caracter\u00edsticas T\u00e9cnicas: * Marca: Shilba * Tipo de Accesorio: Montaje Acero (Quick Release) * Material Principal: Acero reforzado * Compatibilidad \/ Acople: Weaver\/Picatinny, Tubo 1 pulgada * Altura: Media (Medium Profile) * Sistema de Ajuste: Quick Release (SSQR) * Acabado \/ Color: Mate      <\/p>\n","protected":false},"excerpt":{"rendered":"<p>Secure your scope with maximum stability. This ultra-durable, reinforced steel mount with a quick-release system is designed for 1-inch tubes on Weaver rails. It&#8217;s the mid-size version, offering perfect balance.  <\/p>\n","protected":false},"featured_media":4336,"template":"","meta":{"inline_featured_image":false},"product_brand":[269],"product_cat":[236],"product_tag":[],"class_list":{"0":"post-4580","1":"product","2":"type-product","3":"status-publish","4":"has-post-thumbnail","6":"product_brand-shilba","7":"product_cat-bases-and-rings","9":"first","10":"instock","11":"shipping-taxable","12":"product-type-simple"},"_links":{"self":[{"href":"https:\/\/www.shilbaargentina.com.ar\/en\/wp-json\/wp\/v2\/product\/4580","targetHints":{"allow":["GET"]}}],"collection":[{"href":"https:\/\/www.shilbaargentina.com.ar\/en\/wp-json\/wp\/v2\/product"}],"about":[{"href":"https:\/\/www.shilbaargentina.com.ar\/en\/wp-json\/wp\/v2\/types\/product"}],"wp:featuredmedia":[{"embeddable":true,"href":"https:\/\/www.shilbaargentina.com.ar\/en\/wp-json\/wp\/v2\/media\/4336"}],"wp:attachment":[{"href":"https:\/\/www.shilbaargentina.com.ar\/en\/wp-json\/wp\/v2\/media?parent=4580"}],"wp:term":[{"taxonomy":"product_brand","embeddable":true,"href":"https:\/\/www.shilbaargentina.com.ar\/en\/wp-json\/wp\/v2\/product_brand?post=4580"},{"taxonomy":"product_cat","embeddable":true,"href":"https:\/\/www.shilbaargentina.com.ar\/en\/wp-json\/wp\/v2\/product_cat?post=4580"},{"taxonomy":"product_tag","embeddable":true,"href":"https:\/\/www.shilbaargentina.com.ar\/en\/wp-json\/wp\/v2\/product_tag?post=4580"}],"curies":[{"name":"wp","href":"https:\/\/api.w.org\/{rel}","templated":true}]}}