{"id":4579,"date":"2025-06-26T09:35:23","date_gmt":"2025-06-26T12:35:23","guid":{"rendered":"https:\/\/www.shilbaargentina.com.ar\/producto\/shilba-weaver-picatinny-30mm-low-steel-ring\/"},"modified":"2025-06-26T09:35:23","modified_gmt":"2025-06-26T12:35:23","slug":"shilba-weaver-picatinny-30mm-low-steel-ring","status":"publish","type":"product","link":"https:\/\/www.shilbaargentina.com.ar\/en\/product\/shilba-weaver-picatinny-30mm-low-steel-ring\/","title":{"rendered":"Shilba Weaver\/Picatinny 30mm Low Steel Ring"},"content":{"rendered":"<p>Ultra-durable reinforced steel mount. With Quick Release (SSQR) system for 1-inch (25mm) tubes. Weaver mount. High profile. Location in our catalog: * This product is a key accessory in our Gunsmithing category. * It belongs to the Mounts family. Technical Specifications: * Brand: Shilba * Accessory Type: Steel Mount (Quick Release) * Main Material: Reinforced Steel * Compatibility\/Attachment: Weaver\/Picatinny, 1-inch Tube * Height: High Profile * Adjustment System: Quick Release (SSQR) * Finish\/Color: Matte      <\/p>\n","protected":false},"excerpt":{"rendered":"<p>Asegura tu mira con la m\u00e1xima firmeza. Este montaje de acero reforzado ultra resistente, con sistema Quick Release, est\u00e1 dise\u00f1ado para tubos de 1 pulgada sobre riel Weaver. Es la versi\u00f3n alta, ideal para objetivos de gran di\u00e1metro.  <\/p>\n","protected":false},"featured_media":3568,"template":"","meta":{"inline_featured_image":false},"product_brand":[269],"product_cat":[236],"product_tag":[],"class_list":{"0":"post-4579","1":"product","2":"type-product","3":"status-publish","4":"has-post-thumbnail","6":"product_brand-shilba","7":"product_cat-bases-and-rings","9":"first","10":"instock","11":"shipping-taxable","12":"product-type-simple"},"_links":{"self":[{"href":"https:\/\/www.shilbaargentina.com.ar\/en\/wp-json\/wp\/v2\/product\/4579","targetHints":{"allow":["GET"]}}],"collection":[{"href":"https:\/\/www.shilbaargentina.com.ar\/en\/wp-json\/wp\/v2\/product"}],"about":[{"href":"https:\/\/www.shilbaargentina.com.ar\/en\/wp-json\/wp\/v2\/types\/product"}],"wp:featuredmedia":[{"embeddable":true,"href":"https:\/\/www.shilbaargentina.com.ar\/en\/wp-json\/wp\/v2\/media\/3568"}],"wp:attachment":[{"href":"https:\/\/www.shilbaargentina.com.ar\/en\/wp-json\/wp\/v2\/media?parent=4579"}],"wp:term":[{"taxonomy":"product_brand","embeddable":true,"href":"https:\/\/www.shilbaargentina.com.ar\/en\/wp-json\/wp\/v2\/product_brand?post=4579"},{"taxonomy":"product_cat","embeddable":true,"href":"https:\/\/www.shilbaargentina.com.ar\/en\/wp-json\/wp\/v2\/product_cat?post=4579"},{"taxonomy":"product_tag","embeddable":true,"href":"https:\/\/www.shilbaargentina.com.ar\/en\/wp-json\/wp\/v2\/product_tag?post=4579"}],"curies":[{"name":"wp","href":"https:\/\/api.w.org\/{rel}","templated":true}]}}