{"id":4571,"date":"2025-11-21T17:17:10","date_gmt":"2025-11-21T20:17:10","guid":{"rendered":"https:\/\/www.shilbaargentina.com.ar\/producto\/shilba-steel-ring-22-22-mag-25-4mm-medium\/"},"modified":"2025-11-21T17:17:10","modified_gmt":"2025-11-21T20:17:10","slug":"shilba-steel-ring-22-22-mag-25-4mm-medium","status":"publish","type":"product","link":"https:\/\/www.shilbaargentina.com.ar\/en\/product\/shilba-steel-ring-22-22-mag-25-4mm-medium\/","title":{"rendered":"Shilba Steel Ring .22\/.22 mag 25.4mm Medium"},"content":{"rendered":"<p>Ultra-resistant reinforced steel mounting. With Quick Release (SSQR) system for 30mm tubes. Weaver bracket. Medium version.    Location in our catalog: * This product is a key accessory in our Gunsmithing category. * It belongs to the Mounts family. Technical Specifications: * Brand: Shilba * Accessory Type: Steel Mount (Quick Release) * Main Material: Reinforced Steel * Compatibility \/ Mount: Weaver\/Picatinny, 30 mm Tube * Height: Medium (Medium Profile) * Adjustment System: Quick Release (SSQR) * Finish \/ Color: Matte<\/p>\n","protected":false},"excerpt":{"rendered":"<p>Secure your scope with maximum stability. Este montaje de acero reforzado ultra resistente, con sistema Quick Release, est\u00e1 dise\u00f1ado para tubos de 30mm sobre riel Weaver. Es la versi\u00f3n media, ofreciendo un equilibrio perfecto. <\/p>\n","protected":false},"featured_media":4515,"template":"","meta":{"inline_featured_image":false},"product_brand":[269],"product_cat":[236],"product_tag":[],"class_list":{"0":"post-4571","1":"product","2":"type-product","3":"status-publish","4":"has-post-thumbnail","6":"product_brand-shilba","7":"product_cat-bases-and-rings","9":"first","10":"instock","11":"shipping-taxable","12":"product-type-simple"},"_links":{"self":[{"href":"https:\/\/www.shilbaargentina.com.ar\/en\/wp-json\/wp\/v2\/product\/4571","targetHints":{"allow":["GET"]}}],"collection":[{"href":"https:\/\/www.shilbaargentina.com.ar\/en\/wp-json\/wp\/v2\/product"}],"about":[{"href":"https:\/\/www.shilbaargentina.com.ar\/en\/wp-json\/wp\/v2\/types\/product"}],"wp:featuredmedia":[{"embeddable":true,"href":"https:\/\/www.shilbaargentina.com.ar\/en\/wp-json\/wp\/v2\/media\/4515"}],"wp:attachment":[{"href":"https:\/\/www.shilbaargentina.com.ar\/en\/wp-json\/wp\/v2\/media?parent=4571"}],"wp:term":[{"taxonomy":"product_brand","embeddable":true,"href":"https:\/\/www.shilbaargentina.com.ar\/en\/wp-json\/wp\/v2\/product_brand?post=4571"},{"taxonomy":"product_cat","embeddable":true,"href":"https:\/\/www.shilbaargentina.com.ar\/en\/wp-json\/wp\/v2\/product_cat?post=4571"},{"taxonomy":"product_tag","embeddable":true,"href":"https:\/\/www.shilbaargentina.com.ar\/en\/wp-json\/wp\/v2\/product_tag?post=4571"}],"curies":[{"name":"wp","href":"https:\/\/api.w.org\/{rel}","templated":true}]}}