{"id":4554,"date":"2025-06-21T20:00:18","date_gmt":"2025-06-21T23:00:18","guid":{"rendered":"https:\/\/www.shilbaargentina.com.ar\/producto\/shilba-odyssey-10x42-binocular\/"},"modified":"2025-06-21T20:00:18","modified_gmt":"2025-06-21T23:00:18","slug":"shilba-odyssey-10x42-binocular","status":"publish","type":"product","link":"https:\/\/www.shilbaargentina.com.ar\/en\/product\/shilba-odyssey-10x42-binocular\/","title":{"rendered":"Shilba Odyssey 10&#215;42 Binocular"},"content":{"rendered":"<p>Odyssey binoculars provide excellent optical quality with an open-bridge design for greater comfort and lightness in a compact form. Designed for all weather conditions and activities.  Waterproof, fogproof, snowproof, and anti-fungal. BAK-4 prisms. Retractable eyepieces. Diopter adjustment.    Central focus. Multi-coated optics. Includes case and strap. <\/p>\n<p> Location in our catalog:<br \/>\n* This product is a key item in our Optics category.<br \/>\n * It belongs to the Outdoor Binoculars family.<\/p>\n<p> Technical Specifications:<br \/>\n * Brand: Shilba<br \/>\n * Serie \/ L\u00ednea: Odyssey<br \/>\n * Power \/ Magnification: 10x<br \/>\n * Di\u00e1metro del Objetivo (mm): 42<br \/>\n * Tipo de Producto \u00d3ptico: Binocular<br \/>\n * Prismas: BAK-4<br \/>\n * Lente: Blue (Multicapa)<br \/>\n * Campo de Visi\u00f3n: 106 mts.\/1000 mts.<br \/>\n * Minimum Focus: 4 meters<br \/>\n * Exit Pupil: 4.1 mm<br \/>\n* Weight (g): 563<br \/>\n* Water Resistance: Yes (Waterproof, fogproof, snowproof, anti-fungal)<br \/>\n* Extras: Retractable eyepieces, Diopter adjustment, Center focus, Case, Strap.<br \/>\n * Finish \/ Color: Black<\/p>\n","protected":false},"excerpt":{"rendered":"<p>La \u00f3ptica de alta gama para todo tipo de clima. Estos binoculares de la l\u00ednea Odyssey ofrecen una calidad de imagen superior con prismas BAK-4 y \u00f3ptica multicapa. Su dise\u00f1o de puente abierto los hace c\u00f3modos y ligeros. Son resistentes al agua, niebla y nieve.   <\/p>\n","protected":false},"featured_media":4183,"template":"","meta":{"inline_featured_image":false},"product_brand":[269],"product_cat":[227,249,248],"product_tag":[],"class_list":{"0":"post-4554","1":"product","2":"type-product","3":"status-publish","4":"has-post-thumbnail","6":"product_brand-shilba","7":"product_cat-binoculars","8":"product_cat-odyssey","9":"product_cat-series-outdoor","11":"first","12":"instock","13":"shipping-taxable","14":"product-type-simple"},"_links":{"self":[{"href":"https:\/\/www.shilbaargentina.com.ar\/en\/wp-json\/wp\/v2\/product\/4554","targetHints":{"allow":["GET"]}}],"collection":[{"href":"https:\/\/www.shilbaargentina.com.ar\/en\/wp-json\/wp\/v2\/product"}],"about":[{"href":"https:\/\/www.shilbaargentina.com.ar\/en\/wp-json\/wp\/v2\/types\/product"}],"wp:featuredmedia":[{"embeddable":true,"href":"https:\/\/www.shilbaargentina.com.ar\/en\/wp-json\/wp\/v2\/media\/4183"}],"wp:attachment":[{"href":"https:\/\/www.shilbaargentina.com.ar\/en\/wp-json\/wp\/v2\/media?parent=4554"}],"wp:term":[{"taxonomy":"product_brand","embeddable":true,"href":"https:\/\/www.shilbaargentina.com.ar\/en\/wp-json\/wp\/v2\/product_brand?post=4554"},{"taxonomy":"product_cat","embeddable":true,"href":"https:\/\/www.shilbaargentina.com.ar\/en\/wp-json\/wp\/v2\/product_cat?post=4554"},{"taxonomy":"product_tag","embeddable":true,"href":"https:\/\/www.shilbaargentina.com.ar\/en\/wp-json\/wp\/v2\/product_tag?post=4554"}],"curies":[{"name":"wp","href":"https:\/\/api.w.org\/{rel}","templated":true}]}}