{"id":4545,"date":"2025-06-21T20:00:19","date_gmt":"2025-06-21T23:00:19","guid":{"rendered":"https:\/\/www.shilbaargentina.com.ar\/producto\/shilba-cyclops-spotting-scope-12-36x50\/"},"modified":"2025-06-21T20:00:19","modified_gmt":"2025-06-21T23:00:19","slug":"shilba-cyclops-spotting-scope-12-36x50","status":"publish","type":"product","link":"https:\/\/www.shilbaargentina.com.ar\/en\/product\/shilba-cyclops-spotting-scope-12-36x50\/","title":{"rendered":"Shilba Cyclops Spotting Scope 12-36&#215;50"},"content":{"rendered":"<p>Its size and range make it the ideal companion for outdoor adventures: compact, lightweight and portable, it&#8217;s the best combination of size, weight and range.<\/p>\n<p> It can be easily used for bird watching and shooting, as well as in sports: astronomy, sailing and even concerts.<\/p>\n<p> Location in our catalog:<br \/>\n* This product belongs to our Optics category.<br \/>\n * It belongs to the spyglass family.<\/p>\n<p> Technical Specifications:<br \/>\n * Marca: Shilba<br \/>\n * Series \/ Line: Cyclops<br \/>\n * Potencia \/ Aumento: 12-36x<br \/>\n * Lens Diameter (mm): 50<br \/>\n * Type of Optical Product: Telescope<br \/>\n * Size \/ Format: Compact, Lightweight, Portable<br \/>\n * Finish \/ Color: Black<\/p>\n","protected":false},"excerpt":{"rendered":"<p>Por su tama\u00f1o y alcance es el compa\u00f1ero ideal para aventuras al aire libre. Este catalejo compacto, ligero y port\u00e1til ofrece un potente zoom de 12x a 36x y un objetivo de 50mm. Perfecto para observaci\u00f3n de aves, tiro, deportes, astronom\u00eda o n\u00e1utica.  <\/p>\n","protected":false},"featured_media":2854,"template":"","meta":{"inline_featured_image":false},"product_brand":[269],"product_cat":[246],"product_tag":[],"class_list":{"0":"post-4545","1":"product","2":"type-product","3":"status-publish","4":"has-post-thumbnail","6":"product_brand-shilba","7":"product_cat-spotting-scopes","9":"first","10":"instock","11":"shipping-taxable","12":"product-type-simple"},"_links":{"self":[{"href":"https:\/\/www.shilbaargentina.com.ar\/en\/wp-json\/wp\/v2\/product\/4545","targetHints":{"allow":["GET"]}}],"collection":[{"href":"https:\/\/www.shilbaargentina.com.ar\/en\/wp-json\/wp\/v2\/product"}],"about":[{"href":"https:\/\/www.shilbaargentina.com.ar\/en\/wp-json\/wp\/v2\/types\/product"}],"wp:featuredmedia":[{"embeddable":true,"href":"https:\/\/www.shilbaargentina.com.ar\/en\/wp-json\/wp\/v2\/media\/2854"}],"wp:attachment":[{"href":"https:\/\/www.shilbaargentina.com.ar\/en\/wp-json\/wp\/v2\/media?parent=4545"}],"wp:term":[{"taxonomy":"product_brand","embeddable":true,"href":"https:\/\/www.shilbaargentina.com.ar\/en\/wp-json\/wp\/v2\/product_brand?post=4545"},{"taxonomy":"product_cat","embeddable":true,"href":"https:\/\/www.shilbaargentina.com.ar\/en\/wp-json\/wp\/v2\/product_cat?post=4545"},{"taxonomy":"product_tag","embeddable":true,"href":"https:\/\/www.shilbaargentina.com.ar\/en\/wp-json\/wp\/v2\/product_tag?post=4545"}],"curies":[{"name":"wp","href":"https:\/\/api.w.org\/{rel}","templated":true}]}}