{"id":4544,"date":"2025-11-21T17:17:12","date_gmt":"2025-11-21T20:17:12","guid":{"rendered":"https:\/\/www.shilbaargentina.com.ar\/producto\/shilba-cyclops-ii-spotting-scope-15-45x60\/"},"modified":"2025-11-21T17:17:12","modified_gmt":"2025-11-21T20:17:12","slug":"shilba-cyclops-ii-spotting-scope-15-45x60","status":"publish","type":"product","link":"https:\/\/www.shilbaargentina.com.ar\/en\/product\/shilba-cyclops-ii-spotting-scope-15-45x60\/","title":{"rendered":"Shilba Cyclops II Spotting Scope 15-45&#215;60"},"content":{"rendered":"<p>Por su tama\u00f1o y alcance es el compa\u00f1ero ideal para aventuras al aire libre: compacto, ligero y portable, es la mejor combinaci\u00f3n entre tama\u00f1o, peso y alcance.<\/p>\n<p> It can be easily used for bird watching and shooting, as well as in sports: astronomy, sailing and even concerts.<\/p>\n<p> Location in our catalog:<br \/>\n* This product belongs to our Optics category.<br \/>\n * It belongs to the Spotting Scope family.<\/p>\n<p> Technical Specifications:<br \/>\n * Brand: Shilba<br \/>\n * Series \/ Line: Cyclops II<br \/>\n * Power \/ Magnification: 15-45x<br \/>\n * Lens Diameter (mm): 60<br \/>\n * Type of Optical Product: Spotting Scope<br \/>\n * Size \/ Format: Compact, Lightweight, Portable<br \/>\n * Finish \/ Color: Black<\/p>\n","protected":false},"excerpt":{"rendered":"<p>Its size and range make it the ideal companion for outdoor adventures. This compact, lightweight, and portable spotting scope offers a powerful 15x to 45x zoom and a 60mm objective lens. Perfect for birdwatching, shooting, sports, astronomy, or boating.  <\/p>\n","protected":false},"featured_media":4231,"template":"","meta":{"inline_featured_image":false},"product_brand":[269],"product_cat":[246],"product_tag":[],"class_list":{"0":"post-4544","1":"product","2":"type-product","3":"status-publish","4":"has-post-thumbnail","6":"product_brand-shilba","7":"product_cat-spotting-scopes","9":"first","10":"instock","11":"shipping-taxable","12":"product-type-simple"},"_links":{"self":[{"href":"https:\/\/www.shilbaargentina.com.ar\/en\/wp-json\/wp\/v2\/product\/4544","targetHints":{"allow":["GET"]}}],"collection":[{"href":"https:\/\/www.shilbaargentina.com.ar\/en\/wp-json\/wp\/v2\/product"}],"about":[{"href":"https:\/\/www.shilbaargentina.com.ar\/en\/wp-json\/wp\/v2\/types\/product"}],"wp:featuredmedia":[{"embeddable":true,"href":"https:\/\/www.shilbaargentina.com.ar\/en\/wp-json\/wp\/v2\/media\/4231"}],"wp:attachment":[{"href":"https:\/\/www.shilbaargentina.com.ar\/en\/wp-json\/wp\/v2\/media?parent=4544"}],"wp:term":[{"taxonomy":"product_brand","embeddable":true,"href":"https:\/\/www.shilbaargentina.com.ar\/en\/wp-json\/wp\/v2\/product_brand?post=4544"},{"taxonomy":"product_cat","embeddable":true,"href":"https:\/\/www.shilbaargentina.com.ar\/en\/wp-json\/wp\/v2\/product_cat?post=4544"},{"taxonomy":"product_tag","embeddable":true,"href":"https:\/\/www.shilbaargentina.com.ar\/en\/wp-json\/wp\/v2\/product_tag?post=4544"}],"curies":[{"name":"wp","href":"https:\/\/api.w.org\/{rel}","templated":true}]}}