{"id":4538,"date":"2025-11-21T17:17:12","date_gmt":"2025-11-21T20:17:12","guid":{"rendered":"https:\/\/www.shilbaargentina.com.ar\/producto\/shilba-air-monster-3-9x40-mildot-gen2-telescopic-scope\/"},"modified":"2025-11-21T17:17:12","modified_gmt":"2025-11-21T20:17:12","slug":"shilba-air-monster-3-9x40-mildot-gen2-telescopic-scope","status":"publish","type":"product","link":"https:\/\/www.shilbaargentina.com.ar\/en\/product\/shilba-air-monster-3-9x40-mildot-gen2-telescopic-scope\/","title":{"rendered":"Shilba Air Monster 3-9&#215;40 Mildot Gen2 Telescopic Scope"},"content":{"rendered":"<p>The AIR MONSTER GEN2 offers high performance and precision with its 3-9x zoom and MIL-DOT reticle. Equipped with Hi-Resolution multi-coated lenses and nitrogen-purged, it guarantees a clear, fog-free view. Built with a 1&#8243; tube and 40mm objective lens, it includes a reinforced 11mm mount, ideal for demanding use on airguns.  <\/p>\n","protected":false},"excerpt":{"rendered":"<p>La Air Monster Gen2 ofrece alta performance y precisi\u00f3n con su zoom 3-9x y ret\u00edculo MIL-DOT. Equipada con lentes Hi-Resolution y sellada con nitr\u00f3geno, garantiza una visi\u00f3n clara. Incluye montaje reforzado de 11mm.  <\/p>\n","protected":false},"featured_media":4424,"template":"","meta":{"inline_featured_image":false},"product_brand":[269],"product_cat":[241],"product_tag":[],"class_list":{"0":"post-4538","1":"product","2":"type-product","3":"status-publish","4":"has-post-thumbnail","6":"product_brand-shilba","7":"product_cat-scopes","9":"first","10":"instock","11":"shipping-taxable","12":"product-type-simple"},"_links":{"self":[{"href":"https:\/\/www.shilbaargentina.com.ar\/en\/wp-json\/wp\/v2\/product\/4538","targetHints":{"allow":["GET"]}}],"collection":[{"href":"https:\/\/www.shilbaargentina.com.ar\/en\/wp-json\/wp\/v2\/product"}],"about":[{"href":"https:\/\/www.shilbaargentina.com.ar\/en\/wp-json\/wp\/v2\/types\/product"}],"wp:featuredmedia":[{"embeddable":true,"href":"https:\/\/www.shilbaargentina.com.ar\/en\/wp-json\/wp\/v2\/media\/4424"}],"wp:attachment":[{"href":"https:\/\/www.shilbaargentina.com.ar\/en\/wp-json\/wp\/v2\/media?parent=4538"}],"wp:term":[{"taxonomy":"product_brand","embeddable":true,"href":"https:\/\/www.shilbaargentina.com.ar\/en\/wp-json\/wp\/v2\/product_brand?post=4538"},{"taxonomy":"product_cat","embeddable":true,"href":"https:\/\/www.shilbaargentina.com.ar\/en\/wp-json\/wp\/v2\/product_cat?post=4538"},{"taxonomy":"product_tag","embeddable":true,"href":"https:\/\/www.shilbaargentina.com.ar\/en\/wp-json\/wp\/v2\/product_tag?post=4538"}],"curies":[{"name":"wp","href":"https:\/\/api.w.org\/{rel}","templated":true}]}}