{"id":4536,"date":"2025-06-21T20:00:21","date_gmt":"2025-06-21T23:00:21","guid":{"rendered":"https:\/\/www.shilbaargentina.com.ar\/producto\/shilba-classic-4x32-r4-telescopic-scope\/"},"modified":"2025-06-21T20:00:21","modified_gmt":"2025-06-21T23:00:21","slug":"shilba-classic-4x32-r4-telescopic-scope","status":"publish","type":"product","link":"https:\/\/www.shilbaargentina.com.ar\/en\/product\/shilba-classic-4x32-r4-telescopic-scope\/","title":{"rendered":"Shilba Classic 4&#215;32 R4 Telescopic Scope"},"content":{"rendered":"<p>The Classic 4&#215;32 riflescope offers a clear and precise view thanks to its Hi-Resolution lenses and European No. 4 reticle. Made of durable aluminum, it features manual elevation and windage adjustment, adjustable focus, and a waterproof and fogproof coating. Compact and reliable, it is ideal for short- and medium-range shooting.  <\/p>\n","protected":false},"excerpt":{"rendered":"<p>El visor Classic 4\u00d732 ofrece una visi\u00f3n clara y precisa gracias a sus lentes Hi-Resolution y ret\u00edculo europeo N\u00b04. Compacto y fiable, ideal para disparos a corta y media distancia. <\/p>\n","protected":false},"featured_media":4255,"template":"","meta":{"inline_featured_image":false},"product_brand":[269],"product_cat":[241],"product_tag":[],"class_list":{"0":"post-4536","1":"product","2":"type-product","3":"status-publish","4":"has-post-thumbnail","6":"product_brand-shilba","7":"product_cat-scopes","9":"first","10":"instock","11":"shipping-taxable","12":"product-type-simple"},"_links":{"self":[{"href":"https:\/\/www.shilbaargentina.com.ar\/en\/wp-json\/wp\/v2\/product\/4536","targetHints":{"allow":["GET"]}}],"collection":[{"href":"https:\/\/www.shilbaargentina.com.ar\/en\/wp-json\/wp\/v2\/product"}],"about":[{"href":"https:\/\/www.shilbaargentina.com.ar\/en\/wp-json\/wp\/v2\/types\/product"}],"wp:featuredmedia":[{"embeddable":true,"href":"https:\/\/www.shilbaargentina.com.ar\/en\/wp-json\/wp\/v2\/media\/4255"}],"wp:attachment":[{"href":"https:\/\/www.shilbaargentina.com.ar\/en\/wp-json\/wp\/v2\/media?parent=4536"}],"wp:term":[{"taxonomy":"product_brand","embeddable":true,"href":"https:\/\/www.shilbaargentina.com.ar\/en\/wp-json\/wp\/v2\/product_brand?post=4536"},{"taxonomy":"product_cat","embeddable":true,"href":"https:\/\/www.shilbaargentina.com.ar\/en\/wp-json\/wp\/v2\/product_cat?post=4536"},{"taxonomy":"product_tag","embeddable":true,"href":"https:\/\/www.shilbaargentina.com.ar\/en\/wp-json\/wp\/v2\/product_tag?post=4536"}],"curies":[{"name":"wp","href":"https:\/\/api.w.org\/{rel}","templated":true}]}}