{"id":4528,"date":"2025-11-21T17:17:12","date_gmt":"2025-11-21T20:17:12","guid":{"rendered":"https:\/\/www.shilbaargentina.com.ar\/producto\/shilba-i-mag-t-2-5-10x50-ir4-telescopic-scope\/"},"modified":"2025-11-21T17:17:12","modified_gmt":"2025-11-21T20:17:12","slug":"shilba-i-mag-t-2-5-10x50-ir4-telescopic-scope","status":"publish","type":"product","link":"https:\/\/www.shilbaargentina.com.ar\/en\/product\/shilba-i-mag-t-2-5-10x50-ir4-telescopic-scope\/","title":{"rendered":"Shilba I-MAG T 2.5-10&#215;50 IR4 Telescopic Scope"},"content":{"rendered":"<p>The I-MAG 2.5-10&#215;50 is designed for shooters who demand precision: a 2.5-10x zoom, 50mm objective lens, and back-illuminated engraved 4A reticle for accurate and reliable aiming. Its exposed ZERO LOCK (Milrad) tactical turrets allow for quick and repeatable adjustments in the field. It features a 30mm tube and a second focal plane.  <\/p>\n","protected":false},"excerpt":{"rendered":"<p>La mira I-MAG 2.5-10&#215;50 est\u00e1 pensada para tiradores que exigen precisi\u00f3n: zoom 2.5-10x, objetivo 50mm y ret\u00edculo 4A grabado retroiluminado. Sus torretas t\u00e1cticas expuestas ZERO LOCK (Milrad) permiten ajustes r\u00e1pidos y repetibles. <\/p>\n","protected":false},"featured_media":4404,"template":"","meta":{"inline_featured_image":false},"product_brand":[269],"product_cat":[241],"product_tag":[],"class_list":{"0":"post-4528","1":"product","2":"type-product","3":"status-publish","4":"has-post-thumbnail","6":"product_brand-shilba","7":"product_cat-scopes","9":"first","10":"instock","11":"shipping-taxable","12":"product-type-simple"},"_links":{"self":[{"href":"https:\/\/www.shilbaargentina.com.ar\/en\/wp-json\/wp\/v2\/product\/4528","targetHints":{"allow":["GET"]}}],"collection":[{"href":"https:\/\/www.shilbaargentina.com.ar\/en\/wp-json\/wp\/v2\/product"}],"about":[{"href":"https:\/\/www.shilbaargentina.com.ar\/en\/wp-json\/wp\/v2\/types\/product"}],"wp:featuredmedia":[{"embeddable":true,"href":"https:\/\/www.shilbaargentina.com.ar\/en\/wp-json\/wp\/v2\/media\/4404"}],"wp:attachment":[{"href":"https:\/\/www.shilbaargentina.com.ar\/en\/wp-json\/wp\/v2\/media?parent=4528"}],"wp:term":[{"taxonomy":"product_brand","embeddable":true,"href":"https:\/\/www.shilbaargentina.com.ar\/en\/wp-json\/wp\/v2\/product_brand?post=4528"},{"taxonomy":"product_cat","embeddable":true,"href":"https:\/\/www.shilbaargentina.com.ar\/en\/wp-json\/wp\/v2\/product_cat?post=4528"},{"taxonomy":"product_tag","embeddable":true,"href":"https:\/\/www.shilbaargentina.com.ar\/en\/wp-json\/wp\/v2\/product_tag?post=4528"}],"curies":[{"name":"wp","href":"https:\/\/api.w.org\/{rel}","templated":true}]}}