{"id":4525,"date":"2025-09-09T06:38:31","date_gmt":"2025-09-09T09:38:31","guid":{"rendered":"https:\/\/www.shilbaargentina.com.ar\/producto\/shilba-i6x-t-2-5-15x50-b4a-telescopic-scope\/"},"modified":"2025-09-09T06:38:31","modified_gmt":"2025-09-09T09:38:31","slug":"shilba-i6x-t-2-5-15x50-b4a-telescopic-scope","status":"publish","type":"product","link":"https:\/\/www.shilbaargentina.com.ar\/en\/product\/shilba-i6x-t-2-5-15x50-b4a-telescopic-scope\/","title":{"rendered":"Shilba i6X T 2.5-15&#215;50 B4A Telescopic Scope"},"content":{"rendered":"<p>The i6X T (Tactical) series with 6x zoom. The 2.5-15&#215;50 model is an all-rounder for medium and long range, with a large 50mm objective lens. It features a 30mm tube, illuminated B4A reticle, Second Focal Plane (SFP) sight, and exposed tactical turrets with the ZERO LOCK system (on Milrad).  <\/p>\n","protected":false},"excerpt":{"rendered":"<p>Mira t\u00e1ctica 2.5-15&#215;50 con zoom 6x y ret\u00edculo B4A iluminado. Tubo de 30mm, Segundo Plano Focal y Torretas T\u00e1cticas ZERO LOCK (Milrad). <\/p>\n","protected":false},"featured_media":4364,"template":"","meta":{"inline_featured_image":false},"product_brand":[269],"product_cat":[244,241],"product_tag":[],"class_list":{"0":"post-4525","1":"product","2":"type-product","3":"status-publish","4":"has-post-thumbnail","6":"product_brand-shilba","7":"product_cat-i6x","8":"product_cat-scopes","10":"first","11":"instock","12":"shipping-taxable","13":"product-type-simple"},"_links":{"self":[{"href":"https:\/\/www.shilbaargentina.com.ar\/en\/wp-json\/wp\/v2\/product\/4525","targetHints":{"allow":["GET"]}}],"collection":[{"href":"https:\/\/www.shilbaargentina.com.ar\/en\/wp-json\/wp\/v2\/product"}],"about":[{"href":"https:\/\/www.shilbaargentina.com.ar\/en\/wp-json\/wp\/v2\/types\/product"}],"wp:featuredmedia":[{"embeddable":true,"href":"https:\/\/www.shilbaargentina.com.ar\/en\/wp-json\/wp\/v2\/media\/4364"}],"wp:attachment":[{"href":"https:\/\/www.shilbaargentina.com.ar\/en\/wp-json\/wp\/v2\/media?parent=4525"}],"wp:term":[{"taxonomy":"product_brand","embeddable":true,"href":"https:\/\/www.shilbaargentina.com.ar\/en\/wp-json\/wp\/v2\/product_brand?post=4525"},{"taxonomy":"product_cat","embeddable":true,"href":"https:\/\/www.shilbaargentina.com.ar\/en\/wp-json\/wp\/v2\/product_cat?post=4525"},{"taxonomy":"product_tag","embeddable":true,"href":"https:\/\/www.shilbaargentina.com.ar\/en\/wp-json\/wp\/v2\/product_tag?post=4525"}],"curies":[{"name":"wp","href":"https:\/\/api.w.org\/{rel}","templated":true}]}}