{"id":4523,"date":"2025-09-09T06:38:31","date_gmt":"2025-09-09T09:38:31","guid":{"rendered":"https:\/\/www.shilbaargentina.com.ar\/producto\/shilba-i6x-t-5-30x56-mildot-telescopic-sight\/"},"modified":"2025-09-09T06:38:31","modified_gmt":"2025-09-09T09:38:31","slug":"shilba-i6x-t-5-30x56-mildot-telescopic-sight","status":"publish","type":"product","link":"https:\/\/www.shilbaargentina.com.ar\/en\/product\/shilba-i6x-t-5-30x56-mildot-telescopic-sight\/","title":{"rendered":"Shilba i6X T 5-30&#215;56 Mildot Telescopic Sight"},"content":{"rendered":"<p>La serie i6X T (Tactical) con zoom 6x. El modelo 5-30&#215;56 es la opci\u00f3n para long range, con una enorme campana de 56mm. Cuenta con un tubo de 30mm, ret\u00edculo Mildot, Segundo Plano Focal (SFP) y torretas t\u00e1cticas expuestas con sistema ZERO LOCK (en Milrad).  <\/p>\n","protected":false},"excerpt":{"rendered":"<p>Mira t\u00e1ctica 5-30&#215;56 con zoom 6x y ret\u00edculo Mildot. Tubo de 30mm, Segundo Plano Focal y Torretas T\u00e1cticas ZERO LOCK (Milrad). Para long range.  <\/p>\n","protected":false},"featured_media":4384,"template":"","meta":{"inline_featured_image":false},"product_brand":[269],"product_cat":[244,241],"product_tag":[],"class_list":{"0":"post-4523","1":"product","2":"type-product","3":"status-publish","4":"has-post-thumbnail","6":"product_brand-shilba","7":"product_cat-i6x","8":"product_cat-scopes","10":"first","11":"instock","12":"shipping-taxable","13":"product-type-simple"},"_links":{"self":[{"href":"https:\/\/www.shilbaargentina.com.ar\/en\/wp-json\/wp\/v2\/product\/4523","targetHints":{"allow":["GET"]}}],"collection":[{"href":"https:\/\/www.shilbaargentina.com.ar\/en\/wp-json\/wp\/v2\/product"}],"about":[{"href":"https:\/\/www.shilbaargentina.com.ar\/en\/wp-json\/wp\/v2\/types\/product"}],"wp:featuredmedia":[{"embeddable":true,"href":"https:\/\/www.shilbaargentina.com.ar\/en\/wp-json\/wp\/v2\/media\/4384"}],"wp:attachment":[{"href":"https:\/\/www.shilbaargentina.com.ar\/en\/wp-json\/wp\/v2\/media?parent=4523"}],"wp:term":[{"taxonomy":"product_brand","embeddable":true,"href":"https:\/\/www.shilbaargentina.com.ar\/en\/wp-json\/wp\/v2\/product_brand?post=4523"},{"taxonomy":"product_cat","embeddable":true,"href":"https:\/\/www.shilbaargentina.com.ar\/en\/wp-json\/wp\/v2\/product_cat?post=4523"},{"taxonomy":"product_tag","embeddable":true,"href":"https:\/\/www.shilbaargentina.com.ar\/en\/wp-json\/wp\/v2\/product_tag?post=4523"}],"curies":[{"name":"wp","href":"https:\/\/api.w.org\/{rel}","templated":true}]}}